{"id":1184,"date":"2023-08-20T11:46:15","date_gmt":"2023-08-20T09:46:15","guid":{"rendered":"https:\/\/www.bruehl-rugby.de\/?page_id=1184"},"modified":"2023-08-20T11:46:15","modified_gmt":"2023-08-20T09:46:15","slug":"was-ist-rugby","status":"publish","type":"page","link":"https:\/\/www.bruehl-rugby.de\/?page_id=1184","title":{"rendered":"Was ist Rugby?"},"content":{"rendered":"\n\n\n<ul>\n<li>Ein Spiel<\/li>\n\n\n\n<li>Ein Ballspiel<\/li>\n\n\n\n<li>Ein Mannschaftsspiel<\/li>\n\n\n\n<li>anders als jedes andere Spiel<\/li>\n<\/ul>\n\n\n\n<p>Das Rugbyspiel wurde 1823 in der englischen Schulstadt Rugby von William Webb Ellis &#8222;erfunden&#8220;.<br>Der Sch\u00fcler der Rugby School nahm im Laufe eines wilden Fu\u00dfballspiels den Ball auf und rannte damit davon.<\/p>\n\n\n\n<p>In Deutschland wird Rugby seit der Gr\u00fcndung des Heidelberger Ruderklub 1872 in Vereinen gespielt. <br>Der Deutsche Rugby-Verband wurde 1900 gegr\u00fcndet.<br>Die erste Weltmeisterschaft fand 1987 in Neuseeland und Australien statt. Im Jahr 2000, in Sydney, wird Rugby wieder olympisch. <\/p>\n\n\n\n<p><\/p>\n\n\n\n<p>Das Ziel des Rugbyspiels ist es, dass ein Spieler, gem\u00e4\u00df den Regeln, in einen bestimmten Bereich gelangt, das sogenannte Malfeld.<\/p>\n\n\n\n<p>Die Ausr\u00fcstung besteht nicht, wie oft falsch vermutet, aus Schulter- und Brustpolstern und einem Helm wie beim American Football&#8230;<br>\u2026 sondern lediglich aus Trikot, Sporthose, Stutzen, Stollenschuhen und einem Zahnschutz. <\/p>\n\n\n\n<p>Der Ball, in diesem Fall ein Leder-Ei, darf <em>nicht <\/em>nach vorne geworfen werden, denn sonst w\u00e4re es ja der Ball, der den Raum \u00fcberwindet und nicht der Spieler. <\/p>\n\n\n\n<h5 class=\"wp-block-heading\">Die Mannschaft<\/h5>\n\n\n\n<p>Eine Rugbymannschaft besteht aus 15 Spielern auf dem Feld. Diese 15 Spieler werden in zwei &#8222;Gruppen&#8220; unterteilt, den Sturm (1-8) und der Hintermannschaft (9-15). Das Spiel dauert l\u00e4ngstens 80 Minuten und ist in zwei Halbzeiten zu je 40 Minuten unterteilt. In dieser Zeit haben versuchen die beiden Mannschaften m\u00f6glichst viele Punkte zu erzielen.<\/p>\n\n\n\n<h5 class=\"wp-block-heading\">Der Angriff<\/h5>\n\n\n\n<p>Raumgewinn kann nur auf vier verschiedenen Arten erreicht werden: <\/p>\n\n\n\n<div class=\"wp-block-group is-horizontal is-nowrap is-layout-flex wp-container-1 wp-block-group-is-layout-flex\">\n<ul>\n<li>Umlaufen des Gegenspielers durch K\u00f6rpert\u00e4uschung (Side-step).<\/li>\n\n\n\n<li>Durch einen &#8222;Kick&#8220; \u00fcber den Gegner und Nachlaufen des Balltreters.<\/li>\n\n\n\n<li>Entweichen der gegnerischen Verteidigung durch abspielen des Balles (Passen).<\/li>\n\n\n\n<li>Mehrere Spieler halten sich aneinander fest und versuchen, den Gegner wegzudr\u00fccken.<\/li>\n<\/ul>\n\n\n\n<figure class=\"wp-block-image size-medium\"><img decoding=\"async\" loading=\"lazy\" width=\"300\" height=\"218\" src=\"https:\/\/www.bruehl-rugby.de\/wp-content\/uploads\/2023\/08\/side-step-300x218.jpg\" alt=\"\" class=\"wp-image-1186\" srcset=\"https:\/\/www.bruehl-rugby.de\/wp-content\/uploads\/2023\/08\/side-step-300x218.jpg 300w, https:\/\/www.bruehl-rugby.de\/wp-content\/uploads\/2023\/08\/side-step.jpg 580w\" sizes=\"(max-width: 300px) 100vw, 300px\" \/><figcaption class=\"wp-element-caption\"><a href=\"https:\/\/passport.world.rugby\/media\/nw1k0ktb\/side-step.jpg\">Quelle<\/a><\/figcaption><\/figure>\n<\/div>\n\n\n\n<h5 class=\"wp-block-heading\">Die Verteidigung<\/h5>\n\n\n\n<div class=\"wp-block-group is-content-justification-left is-nowrap is-layout-flex wp-container-2 wp-block-group-is-layout-flex\">\n<p>Um den Raumgewinn eines Gegenspielers zu verhindern, gibt es nur eine M\u00f6glichkeit&#8230;<br>\u2026 das Tiefhalten oder sogenannte &#8222;Tackling&#8220;.<\/p>\n\n\n\n<figure class=\"wp-block-image size-medium\"><img decoding=\"async\" loading=\"lazy\" width=\"300\" height=\"221\" src=\"https:\/\/www.bruehl-rugby.de\/wp-content\/uploads\/2023\/08\/side-on-tackle-300x221.jpg\" alt=\"\" class=\"wp-image-1187\" srcset=\"https:\/\/www.bruehl-rugby.de\/wp-content\/uploads\/2023\/08\/side-on-tackle-300x221.jpg 300w, https:\/\/www.bruehl-rugby.de\/wp-content\/uploads\/2023\/08\/side-on-tackle.jpg 580w\" sizes=\"(max-width: 300px) 100vw, 300px\" \/><figcaption class=\"wp-element-caption\"><a href=\"https:\/\/passport.world.rugby\/media\/ofmedveh\/side-on-tackle.jpg\">Bildquelle<\/a><\/figcaption><\/figure>\n\n\n\n<p>Jede andere Art z.B. Beinstellen, Schlagen, Halten am Hals, ist verboten!<\/p>\n<\/div>\n\n\n\n<h5 class=\"wp-block-heading\">Die Gasse<\/h5>\n\n\n\n<div class=\"wp-block-group is-nowrap is-layout-flex wp-container-3 wp-block-group-is-layout-flex\">\n<figure class=\"wp-block-image size-medium\"><img decoding=\"async\" loading=\"lazy\" width=\"300\" height=\"199\" src=\"https:\/\/www.bruehl-rugby.de\/wp-content\/uploads\/2023\/08\/gasse-300x199.jpg\" alt=\"\" class=\"wp-image-1188\" srcset=\"https:\/\/www.bruehl-rugby.de\/wp-content\/uploads\/2023\/08\/gasse-300x199.jpg 300w, https:\/\/www.bruehl-rugby.de\/wp-content\/uploads\/2023\/08\/gasse-1024x678.jpg 1024w, https:\/\/www.bruehl-rugby.de\/wp-content\/uploads\/2023\/08\/gasse-768x509.jpg 768w, https:\/\/www.bruehl-rugby.de\/wp-content\/uploads\/2023\/08\/gasse.jpg 1200w\" sizes=\"(max-width: 300px) 100vw, 300px\" \/><figcaption class=\"wp-element-caption\"><a href=\"https:\/\/upload.wikimedia.org\/wikipedia\/commons\/thumb\/1\/1f\/USO-SFP_-_20140830_37.jpg\/1200px-USO-SFP_-_20140830_37.jpg\">Bildquelle<\/a><\/figcaption><\/figure>\n\n\n\n<p>Nach einem Seitenaus wird der Ball in die Gasse eingeworfen. Die Gasse besteht aus mindestens zwei St\u00fcrmern, die versuchen, den Ball zu fangen und auf ihre Seite zu bringen.<\/p>\n<\/div>\n\n\n\n<h5 class=\"wp-block-heading\">Das Gedr\u00e4nge<\/h5>\n\n\n\n<div class=\"wp-block-group is-nowrap is-layout-flex wp-container-4 wp-block-group-is-layout-flex\">\n<p>Wird der Ball nach vorne geworfen, ordnet der Schiedsrichter ein Gedr\u00e4nge an. Mindestens drei St\u00fcrmer einer Mannschaft binden sich aneinander und versuchen, nachdem der Ball in den Tunnel geworfen wurde, den Ball durch Wegr\u00fccken des Gegners zu bekommen. <\/p>\n\n\n\n<figure class=\"wp-block-image size-large\"><img decoding=\"async\" loading=\"lazy\" width=\"1024\" height=\"576\" src=\"https:\/\/www.bruehl-rugby.de\/wp-content\/uploads\/2023\/08\/gedraenge-1024x576.jpg\" alt=\"\" class=\"wp-image-1189\" srcset=\"https:\/\/www.bruehl-rugby.de\/wp-content\/uploads\/2023\/08\/gedraenge-1024x576.jpg 1024w, https:\/\/www.bruehl-rugby.de\/wp-content\/uploads\/2023\/08\/gedraenge-300x169.jpg 300w, https:\/\/www.bruehl-rugby.de\/wp-content\/uploads\/2023\/08\/gedraenge-768x432.jpg 768w, https:\/\/www.bruehl-rugby.de\/wp-content\/uploads\/2023\/08\/gedraenge.jpg 1200w\" sizes=\"(max-width: 1024px) 100vw, 1024px\" \/><figcaption class=\"wp-element-caption\"><a href=\"https:\/\/www.sueddeutsche.de\/image\/sz.1.4610101\/1200x675?v=1569055658\">Bildquelle<\/a><\/figcaption><\/figure>\n<\/div>\n\n\n\n<h5 class=\"wp-block-heading\">Die Punkte <\/h5>\n\n\n\n<div class=\"wp-block-group is-content-justification-center is-layout-constrained wp-block-group-is-layout-constrained\">\n<div class=\"wp-block-group is-nowrap is-layout-flex wp-container-5 wp-block-group-is-layout-flex\">\n<figure class=\"wp-block-image size-full\"><img decoding=\"async\" loading=\"lazy\" width=\"1024\" height=\"576\" src=\"https:\/\/www.bruehl-rugby.de\/wp-content\/uploads\/2023\/08\/try.png\" alt=\"\" class=\"wp-image-1190\" srcset=\"https:\/\/www.bruehl-rugby.de\/wp-content\/uploads\/2023\/08\/try.png 1024w, https:\/\/www.bruehl-rugby.de\/wp-content\/uploads\/2023\/08\/try-300x169.png 300w, https:\/\/www.bruehl-rugby.de\/wp-content\/uploads\/2023\/08\/try-768x432.png 768w\" sizes=\"(max-width: 1024px) 100vw, 1024px\" \/><figcaption class=\"wp-element-caption\"><a href=\"https:\/\/www.rugbynoise.com\/wp-content\/uploads\/2022\/12\/ru1-1024x576.png\">Bildquelle<\/a><\/figcaption><\/figure>\n\n\n\n<p>Wenn der Ball \u00fcber die Mallinie in das gegnerische Malfeld gelegt wird, ist das ein &#8222;Versuch&#8220; und z\u00e4hlt f\u00fcnf Punkte. Nun hat man die M\u00f6glichkeit, noch 2 Punkte zu erzielen, indem man von der Stelle des Versuchs soweit parallel zur Auslinie zur\u00fcckgeht, bis ein g\u00fcnstiger Winkel entsteht, um den Ball durch die Stangen zu kicken.<\/p>\n<\/div>\n\n\n\n<div class=\"wp-block-group is-nowrap is-layout-flex wp-container-6 wp-block-group-is-layout-flex\">\n<p>Weitere Punkte k\u00f6nnen wiederum durch kicken erzielt werden:<br>&#8211; bei einem Straftritt oder<br>&#8211; einem Drop-Kick w\u00e4hrend des Spiels <br><br>Jeder erfolgreiche Kick z\u00e4hlt 3 Punkte<\/p>\n\n\n\n<figure class=\"wp-block-image size-medium\"><img decoding=\"async\" loading=\"lazy\" width=\"300\" height=\"180\" src=\"https:\/\/www.bruehl-rugby.de\/wp-content\/uploads\/2023\/08\/conversion-300x180.webp\" alt=\"\" class=\"wp-image-1191\" srcset=\"https:\/\/www.bruehl-rugby.de\/wp-content\/uploads\/2023\/08\/conversion-300x180.webp 300w, https:\/\/www.bruehl-rugby.de\/wp-content\/uploads\/2023\/08\/conversion.webp 620w\" sizes=\"(max-width: 300px) 100vw, 300px\" \/><figcaption class=\"wp-element-caption\"><a href=\"https:\/\/i.guim.co.uk\/img\/media\/f65219aecf3a4986f0ba5ae4ebc489b67d48515e\/817_858_4704_2823\/master\/4704.jpg?width=620&amp;quality=85&amp;auto=format&amp;fit=max&amp;s=127e1e67cd524e78cd853cb84fd1983b\">Bildquelle<\/a><\/figcaption><\/figure>\n<\/div>\n<\/div>\n","protected":false},"excerpt":{"rendered":"<p>Das Rugbyspiel wurde 1823 in der englischen Schulstadt Rugby von William Webb Ellis &#8222;erfunden&#8220;.Der Sch\u00fcler der Rugby School nahm im Laufe eines wilden Fu\u00dfballspiels den Ball auf und rannte damit davon. In Deutschland wird Rugby seit der Gr\u00fcndung des Heidelberger Ruderklub 1872 in Vereinen gespielt. Der Deutsche Rugby-Verband wurde 1900 gegr\u00fcndet.Die erste Weltmeisterschaft fand 1987 [&hellip;]<\/p>\n","protected":false},"author":3,"featured_media":0,"parent":0,"menu_order":0,"comment_status":"closed","ping_status":"closed","template":"","meta":{"footnotes":""},"blocksy_meta":{"page_structure_type":"default"},"_links":{"self":[{"href":"https:\/\/www.bruehl-rugby.de\/index.php?rest_route=\/wp\/v2\/pages\/1184"}],"collection":[{"href":"https:\/\/www.bruehl-rugby.de\/index.php?rest_route=\/wp\/v2\/pages"}],"about":[{"href":"https:\/\/www.bruehl-rugby.de\/index.php?rest_route=\/wp\/v2\/types\/page"}],"author":[{"embeddable":true,"href":"https:\/\/www.bruehl-rugby.de\/index.php?rest_route=\/wp\/v2\/users\/3"}],"replies":[{"embeddable":true,"href":"https:\/\/www.bruehl-rugby.de\/index.php?rest_route=%2Fwp%2Fv2%2Fcomments&post=1184"}],"version-history":[{"count":3,"href":"https:\/\/www.bruehl-rugby.de\/index.php?rest_route=\/wp\/v2\/pages\/1184\/revisions"}],"predecessor-version":[{"id":1193,"href":"https:\/\/www.bruehl-rugby.de\/index.php?rest_route=\/wp\/v2\/pages\/1184\/revisions\/1193"}],"wp:attachment":[{"href":"https:\/\/www.bruehl-rugby.de\/index.php?rest_route=%2Fwp%2Fv2%2Fmedia&parent=1184"}],"curies":[{"name":"wp","href":"https:\/\/api.w.org\/{rel}","templated":true}]}}