{"id":1160,"date":"2023-08-16T20:13:32","date_gmt":"2023-08-16T18:13:32","guid":{"rendered":"https:\/\/www.bruehl-rugby.de\/?page_id=1160"},"modified":"2023-08-16T20:28:35","modified_gmt":"2023-08-16T18:28:35","slug":"die-gruendung-und-zusammensetzung-mit-dem-btv","status":"publish","type":"page","link":"https:\/\/www.bruehl-rugby.de\/?page_id=1160","title":{"rendered":"Die Gr\u00fcndung und Zusammensetzung mit dem BTV"},"content":{"rendered":"\n<p>1988 ist das Gr\u00fcndungsjahr der Rugbyabteilung im Br\u00fchler Turnverein 1879 e.V. Urspr\u00fcnglich wurde lange der Gr\u00fcndungsmonat im Juni oder Juli vermutet. Dank des mittlerweile aufgetauchten Gr\u00fcndungsprotokolls ist jedoch der 13. April 1988 als historischer Tag gesichert. <\/p>\n\n\n\n<figure class=\"wp-block-image aligncenter size-full\"><img decoding=\"async\" loading=\"lazy\" width=\"489\" height=\"54\" src=\"https:\/\/www.bruehl-rugby.de\/wp-content\/uploads\/2023\/08\/image.png\" alt=\"\" class=\"wp-image-1153\" srcset=\"https:\/\/www.bruehl-rugby.de\/wp-content\/uploads\/2023\/08\/image.png 489w, https:\/\/www.bruehl-rugby.de\/wp-content\/uploads\/2023\/08\/image-300x33.png 300w\" sizes=\"(max-width: 489px) 100vw, 489px\" \/><\/figure>\n\n\n\n<h2 class=\"wp-block-heading has-medium-font-size\">Gr\u00fcndungsgeschichte<\/h2>\n\n\n\n<p>Bereits vor der Gr\u00fcndung trafen sich ehemalige Mitglieder aus Jumbos<sup data-fn=\"da0314ee-9fd3-4fd8-9765-07349765fc60\" class=\"fn\"><a href=\"#da0314ee-9fd3-4fd8-9765-07349765fc60\" id=\"da0314ee-9fd3-4fd8-9765-07349765fc60-link\">1<\/a><\/sup> Schul-AG und deren Freunde als Freizeit-Rugbyspieler. Trainiert wurde immer Samstags auf der Maiglerwiese in Br\u00fchl-Pingsdorf. Die Idee einen eigenen Verein zu gr\u00fcnden, war schon fr\u00fch da, lie\u00df sich aber nicht so leicht umsetzen. Parallel dazu existierte nat\u00fcrlich seit (vermutlich) 1977\/1978 die Rugby-AG. Ob zu dieser Zeit schon Freundschaftsspiele gegen die benachbarten Vereine stattfanden ist ungewiss. In der Rugby-AG gab es jedenfalls einen unregelm\u00e4\u00dfigen Spielverkehr gegen andere Schulen der Region.<\/p>\n\n\n\n<p>Initialz\u00fcndung f\u00fcr die Vereinsgr\u00fcndung war dann Jumbos Einladung zu einem Rugbyspiel der ehemaligen Spieler gegen die aktuelle Rugby-AG. Anlass war die 20-Jahrfeier der damaligen St\u00e4dtischen Realschule. Wegen des gro\u00dfen Interesses und den Willen gemeinsam weiter zu spielen, beschloss man im Anschluss an dieses Spiel die gemeinsame Vereinsgr\u00fcndung. <br>Als man bei allen bestehenden Sportvereinen angefragt hatte, ob Interesse an der Gr\u00fcndung einer neuen Abteilung best\u00fcnde,  landete man schlie\u00dflich beim Br\u00fchler Turnverein unter dem damaligen Vorsitzenden Gottfried Meyers. <\/p>\n\n\n\n<p>Ein paar Tage (oder Wochen) sp\u00e4ter holten ein paar Spieler Mittwochs vor dem Training ein paar Anmeldeformulare in der BTV-Gesch\u00e4ftsstelle und Abends traf man sich gemeinsam mit Herrn Meyers im &#8222;ALT ECKDORF&#8220; zur Gr\u00fcndungsversammlung. Gleich 20 Leute unterschrieben und Horst Schillinger wurde zum ersten Abteilungsleiter gew\u00e4hlt. Herr Meyers nahm die Formulare mit, legte sie dem Vorstand vor und sagte: &#8222;Entweder neue Abteilung oder ich vernichte die Anmeldungen&#8230;&#8220; Und so wurde die Rugbyabteilung des Br\u00fchler Turnvereins geboren. <\/p>\n\n\n\n<p>Nach dem Anschluss an den BTV zog die Rugbyabteilung auf die Wiese (S\u00fcdwiese) an der damaligen St\u00e4dtischen Realschule in Badorf (heute Gesamtschule\/Berufskolleg) um, wo sie bis 2010\/2011 trainierte. Das Training fand immer Mittwochs und an spielfreien Wochenenden auch Samstags statt. <\/p>\n\n\n\n<p>Anfangs nahm Br\u00fchl nicht am Ligabetrieb teil, das folgte erst ca. 2 Jahre sp\u00e4ter mit dem Einstieg in die unterste Spielklasse. Zun\u00e4chst wurden nur Freundschaftsspiele gegen die benachbarten Vereine in Erfstadt-Liblar, Grevenbroich, Pulheim, H\u00fcrth, Bonn und K\u00f6ln ausgetragen, wobei der erste Sieg lange auf sich warten lie\u00df (ganze 2,5 Jahre um genau zu sein).<\/p>\n\n\n\n<p><\/p>\n\n\n\n<p><\/p>\n\n\n\n<p> <\/p>\n\n\n<ol class=\"wp-block-footnotes\"><li id=\"da0314ee-9fd3-4fd8-9765-07349765fc60\">Dieter &#8222;Jumbo&#8220; Heydkamp, ehemaliger Lehrer und lange Trainer des Vereins <a href=\"#da0314ee-9fd3-4fd8-9765-07349765fc60-link\">\u21a9\ufe0e<\/a><\/li><\/ol>","protected":false},"excerpt":{"rendered":"<p>1988 ist das Gr\u00fcndungsjahr der Rugbyabteilung im Br\u00fchler Turnverein 1879 e.V. Urspr\u00fcnglich wurde lange der Gr\u00fcndungsmonat im Juni oder Juli vermutet. Dank des mittlerweile aufgetauchten Gr\u00fcndungsprotokolls ist jedoch der 13. April 1988 als historischer Tag gesichert. Gr\u00fcndungsgeschichte Bereits vor der Gr\u00fcndung trafen sich ehemalige Mitglieder aus Jumbos Schul-AG und deren Freunde als Freizeit-Rugbyspieler. Trainiert wurde [&hellip;]<\/p>\n","protected":false},"author":3,"featured_media":0,"parent":0,"menu_order":0,"comment_status":"closed","ping_status":"closed","template":"","meta":{"footnotes":"[{\"content\":\"Dieter \\\"Jumbo\\\" Heydkamp, ehemaliger Lehrer und lange Trainer des Vereins\",\"id\":\"da0314ee-9fd3-4fd8-9765-07349765fc60\"}]"},"blocksy_meta":"","_links":{"self":[{"href":"https:\/\/www.bruehl-rugby.de\/index.php?rest_route=\/wp\/v2\/pages\/1160"}],"collection":[{"href":"https:\/\/www.bruehl-rugby.de\/index.php?rest_route=\/wp\/v2\/pages"}],"about":[{"href":"https:\/\/www.bruehl-rugby.de\/index.php?rest_route=\/wp\/v2\/types\/page"}],"author":[{"embeddable":true,"href":"https:\/\/www.bruehl-rugby.de\/index.php?rest_route=\/wp\/v2\/users\/3"}],"replies":[{"embeddable":true,"href":"https:\/\/www.bruehl-rugby.de\/index.php?rest_route=%2Fwp%2Fv2%2Fcomments&post=1160"}],"version-history":[{"count":10,"href":"https:\/\/www.bruehl-rugby.de\/index.php?rest_route=\/wp\/v2\/pages\/1160\/revisions"}],"predecessor-version":[{"id":1171,"href":"https:\/\/www.bruehl-rugby.de\/index.php?rest_route=\/wp\/v2\/pages\/1160\/revisions\/1171"}],"wp:attachment":[{"href":"https:\/\/www.bruehl-rugby.de\/index.php?rest_route=%2Fwp%2Fv2%2Fmedia&parent=1160"}],"curies":[{"name":"wp","href":"https:\/\/api.w.org\/{rel}","templated":true}]}}