{"id":1091,"date":"2023-08-10T21:56:05","date_gmt":"2023-08-10T19:56:05","guid":{"rendered":"https:\/\/www.bruehl-rugby.de\/?page_id=1091"},"modified":"2023-08-20T11:56:44","modified_gmt":"2023-08-20T09:56:44","slug":"kontakt","status":"publish","type":"page","link":"https:\/\/www.bruehl-rugby.de\/?page_id=1091","title":{"rendered":"Anfahrt"},"content":{"rendered":"\n<h1 class=\"wp-block-heading\"><\/h1>\n\n\n\n<p>Adresse: Schildgesstr. 109 50321 Br\u00fchl<\/p>\n\n\n\n<p>Beschreibung: Gegen\u00fcber der Mauser Werke Br\u00fchl, \u00dcber die Autobahn A553 gut erreichbar <\/p>\n\n\n\n<figure class=\"wp-block-image size-full\"><img decoding=\"async\" loading=\"lazy\" width=\"465\" height=\"366\" src=\"https:\/\/www.bruehl-rugby.de\/wp-content\/uploads\/2023\/08\/map-rugbyplatz.png\" alt=\"\" class=\"wp-image-1092\" srcset=\"https:\/\/www.bruehl-rugby.de\/wp-content\/uploads\/2023\/08\/map-rugbyplatz.png 465w, https:\/\/www.bruehl-rugby.de\/wp-content\/uploads\/2023\/08\/map-rugbyplatz-300x236.png 300w\" sizes=\"(max-width: 465px) 100vw, 465px\" \/><\/figure>\n\n\n\n\n","protected":false},"excerpt":{"rendered":"<p>Adresse: Schildgesstr. 109 50321 Br\u00fchl Beschreibung: Gegen\u00fcber der Mauser Werke Br\u00fchl, \u00dcber die Autobahn A553 gut erreichbar<\/p>\n","protected":false},"author":3,"featured_media":0,"parent":0,"menu_order":0,"comment_status":"closed","ping_status":"closed","template":"","meta":{"footnotes":""},"blocksy_meta":"","_links":{"self":[{"href":"https:\/\/www.bruehl-rugby.de\/index.php?rest_route=\/wp\/v2\/pages\/1091"}],"collection":[{"href":"https:\/\/www.bruehl-rugby.de\/index.php?rest_route=\/wp\/v2\/pages"}],"about":[{"href":"https:\/\/www.bruehl-rugby.de\/index.php?rest_route=\/wp\/v2\/types\/page"}],"author":[{"embeddable":true,"href":"https:\/\/www.bruehl-rugby.de\/index.php?rest_route=\/wp\/v2\/users\/3"}],"replies":[{"embeddable":true,"href":"https:\/\/www.bruehl-rugby.de\/index.php?rest_route=%2Fwp%2Fv2%2Fcomments&post=1091"}],"version-history":[{"count":3,"href":"https:\/\/www.bruehl-rugby.de\/index.php?rest_route=\/wp\/v2\/pages\/1091\/revisions"}],"predecessor-version":[{"id":1197,"href":"https:\/\/www.bruehl-rugby.de\/index.php?rest_route=\/wp\/v2\/pages\/1091\/revisions\/1197"}],"wp:attachment":[{"href":"https:\/\/www.bruehl-rugby.de\/index.php?rest_route=%2Fwp%2Fv2%2Fmedia&parent=1091"}],"curies":[{"name":"wp","href":"https:\/\/api.w.org\/{rel}","templated":true}]}}